{"id":3208,"date":"2020-09-15T06:48:29","date_gmt":"2020-09-15T06:48:29","guid":{"rendered":"https:\/\/glamping-predeschenes.com\/about-us\/"},"modified":"2025-01-21T14:48:59","modified_gmt":"2025-01-21T14:48:59","slug":"about-us","status":"publish","type":"page","link":"https:\/\/glamping-predeschenes.com\/en\/about-us\/","title":{"rendered":"About Us"},"content":{"rendered":"\n<div class=\"wp-block-cover alignfull\" style=\"min-height:550px;aspect-ratio:unset;\"><span aria-hidden=\"true\" class=\"wp-block-cover__background has-background-dim\" style=\"background-color:#040219\"><\/span><img loading=\"lazy\" decoding=\"async\" width=\"2560\" height=\"1151\" class=\"wp-block-cover__image-background wp-image-371\" alt=\"\" src=\"https:\/\/lepredeschenes.wpengine.com\/wp-content\/uploads\/2021\/11\/20210914_202206-scaled.jpg\" data-object-fit=\"cover\" srcset=\"https:\/\/glamping-predeschenes.com\/wp-content\/uploads\/2021\/11\/20210914_202206-scaled.jpg 2560w, https:\/\/glamping-predeschenes.com\/wp-content\/uploads\/2021\/11\/20210914_202206-300x135.jpg 300w, https:\/\/glamping-predeschenes.com\/wp-content\/uploads\/2021\/11\/20210914_202206-1024x460.jpg 1024w, https:\/\/glamping-predeschenes.com\/wp-content\/uploads\/2021\/11\/20210914_202206-768x345.jpg 768w, https:\/\/glamping-predeschenes.com\/wp-content\/uploads\/2021\/11\/20210914_202206-1536x691.jpg 1536w, https:\/\/glamping-predeschenes.com\/wp-content\/uploads\/2021\/11\/20210914_202206-2048x921.jpg 2048w\" sizes=\"auto, (max-width: 2560px) 100vw, 2560px\" \/><div class=\"wp-block-cover__inner-container is-layout-flow wp-block-cover-is-layout-flow\">\n<h1 class=\"wp-block-heading has-text-align-center has-white-color has-text-color\">Find out more about us<\/h1>\n<\/div><\/div>\n\n\n\n<div class=\"inherit-container-width wp-block-group alignfull has-white-background-color has-background is-layout-constrained wp-block-group-is-layout-constrained\"><div class=\"wp-block-group__inner-container\">\n<div class=\"wp-block-media-text has-media-on-the-right is-stacked-on-mobile is-vertically-aligned-top alignwide\" style=\"grid-template-columns:auto 40%\"><div class=\"wp-block-media-text__content\">\n<h2 class=\"wp-block-heading\">Our Story<\/h2>\n\n\n\n<p>Le Pr\u00e9 des Ch\u00eanes literaly Fiel of Oaks is a family venture, that started when we left our London life and moved into a derelict barn in the smallest village of the Dordogne Saint-Cassien next to Monpazier. Our aim ( dream ?) was to renovate our home, become almost self efficient and educate our future children with a complete sense of freedom and close to nature. <\/p>\n\n\n\n<p>We now have a house almost finished, animals, vegetable plot, orchad, and 3 very happy boys. Since 2000, we have welcomed many of our friends and family here, and all of them agree to say that once they settle down here, they instantly reconnect to essentials : the pleasure of laying down on the grass and watch the stars on a late summer night, seating and listening to the birds around us, exploring the forest behind our field&#8230; simple moments of our lives, that became great holiday experiences ! <\/p>\n\n\n\n<p>This is what triggered the idea of this somewhat crazy project of creating a Glamping Camping small family site, in the meadow opposite our home. 2015 was when we first applied with the authorities for the land to become building land. After a lot of obstacles and a lot of bureaucracy, Garreth started to build in the autumn of 2020. He worked non stop for 2 years and in since 2022, we have been so delighted to welcome you and introduce you to all the great places to visit , to eat, and entertain. It will be our pleasure to welcome you on our family eco friendly site , for a short break or longer holiday !<\/p>\n\n\n\n<p>Hopefully we&#8217;ll see you soon ! &#8230; <\/p>\n<\/div><figure class=\"wp-block-media-text__media\"><img loading=\"lazy\" decoding=\"async\" width=\"1024\" height=\"1024\" src=\"http:\/\/glamping-predeschenes.com\/wp-content\/uploads\/2023\/06\/TRAPvueeloignee-1024x1024.jpg\" alt=\"\" class=\"wp-image-3413 size-medium\" srcset=\"https:\/\/glamping-predeschenes.com\/wp-content\/uploads\/2023\/06\/TRAPvueeloignee-1024x1024.jpg 1024w, https:\/\/glamping-predeschenes.com\/wp-content\/uploads\/2023\/06\/TRAPvueeloignee-300x300.jpg 300w, https:\/\/glamping-predeschenes.com\/wp-content\/uploads\/2023\/06\/TRAPvueeloignee-150x150.jpg 150w, https:\/\/glamping-predeschenes.com\/wp-content\/uploads\/2023\/06\/TRAPvueeloignee-768x768.jpg 768w, https:\/\/glamping-predeschenes.com\/wp-content\/uploads\/2023\/06\/TRAPvueeloignee-1536x1536.jpg 1536w, https:\/\/glamping-predeschenes.com\/wp-content\/uploads\/2023\/06\/TRAPvueeloignee-2048x2048.jpg 2048w, https:\/\/glamping-predeschenes.com\/wp-content\/uploads\/2023\/06\/TRAPvueeloignee-600x600.jpg 600w\" sizes=\"auto, (max-width: 1024px) 100vw, 1024px\" \/><\/figure><\/div>\n<\/div><\/div>\n\n\n\n<div class=\"inherit-container-width wp-block-group alignfull has-white-background-color has-background is-layout-constrained wp-block-group-is-layout-constrained\"><div class=\"wp-block-group__inner-container\"><\/div><\/div>\n","protected":false},"excerpt":{"rendered":"<p>Our Story Le Pr\u00e9 des Ch\u00eanes literaly Fiel of Oaks is a family venture, that started when we left our [&hellip;]<\/p>\n","protected":false},"author":2,"featured_media":0,"parent":0,"menu_order":0,"comment_status":"closed","ping_status":"closed","template":"","meta":{"_uag_custom_page_level_css":"","site-sidebar-layout":"no-sidebar","site-content-layout":"plain-container","ast-site-content-layout":"default","site-content-style":"default","site-sidebar-style":"default","ast-global-header-display":"","ast-banner-title-visibility":"","ast-main-header-display":"","ast-hfb-above-header-display":"","ast-hfb-below-header-display":"","ast-hfb-mobile-header-display":"","site-post-title":"disabled","ast-breadcrumbs-content":"","ast-featured-img":"","footer-sml-layout":"","ast-disable-related-posts":"","theme-transparent-header-meta":"enabled","adv-header-id-meta":"","stick-header-meta":"","header-above-stick-meta":"","header-main-stick-meta":"","header-below-stick-meta":"","astra-migrate-meta-layouts":"set","ast-page-background-enabled":"default","ast-page-background-meta":{"desktop":{"background-color":"","background-image":"","background-repeat":"repeat","background-position":"center center","background-size":"auto","background-attachment":"scroll","background-type":"","background-media":"","overlay-type":"","overlay-color":"","overlay-opacity":"","overlay-gradient":""},"tablet":{"background-color":"","background-image":"","background-repeat":"repeat","background-position":"center center","background-size":"auto","background-attachment":"scroll","background-type":"","background-media":"","overlay-type":"","overlay-color":"","overlay-opacity":"","overlay-gradient":""},"mobile":{"background-color":"","background-image":"","background-repeat":"repeat","background-position":"center center","background-size":"auto","background-attachment":"scroll","background-type":"","background-media":"","overlay-type":"","overlay-color":"","overlay-opacity":"","overlay-gradient":""}},"ast-content-background-meta":{"desktop":{"background-color":"var(--ast-global-color-5)","background-image":"","background-repeat":"repeat","background-position":"center center","background-size":"auto","background-attachment":"scroll","background-type":"","background-media":"","overlay-type":"","overlay-color":"","overlay-opacity":"","overlay-gradient":""},"tablet":{"background-color":"var(--ast-global-color-5)","background-image":"","background-repeat":"repeat","background-position":"center center","background-size":"auto","background-attachment":"scroll","background-type":"","background-media":"","overlay-type":"","overlay-color":"","overlay-opacity":"","overlay-gradient":""},"mobile":{"background-color":"var(--ast-global-color-5)","background-image":"","background-repeat":"repeat","background-position":"center center","background-size":"auto","background-attachment":"scroll","background-type":"","background-media":"","overlay-type":"","overlay-color":"","overlay-opacity":"","overlay-gradient":""}},"footnotes":""},"class_list":["post-3208","page","type-page","status-publish","hentry"],"yoast_head":"<!-- This site is optimized with the Yoast SEO plugin v26.9 - https:\/\/yoast.com\/product\/yoast-seo-wordpress\/ -->\n<title>About Us - Le Pr\u00e9 Des Ch\u00eanes<\/title>\n<meta name=\"robots\" content=\"index, follow, max-snippet:-1, max-image-preview:large, max-video-preview:-1\" \/>\n<link rel=\"canonical\" href=\"https:\/\/glamping-predeschenes.com\/en\/about-us\/\" \/>\n<meta property=\"og:locale\" content=\"en_US\" \/>\n<meta property=\"og:type\" content=\"article\" \/>\n<meta property=\"og:title\" content=\"About Us - Le Pr\u00e9 Des Ch\u00eanes\" \/>\n<meta property=\"og:description\" content=\"Our Story Le Pr\u00e9 des Ch\u00eanes literaly Fiel of Oaks is a family venture, that started when we left our [&hellip;]\" \/>\n<meta property=\"og:url\" content=\"https:\/\/glamping-predeschenes.com\/en\/about-us\/\" \/>\n<meta property=\"og:site_name\" content=\"Le Pr\u00e9 Des Ch\u00eanes\" \/>\n<meta property=\"article:publisher\" content=\"https:\/\/www.facebook.com\/profile.php?id=100076605214924\" \/>\n<meta property=\"article:modified_time\" content=\"2025-01-21T14:48:59+00:00\" \/>\n<meta property=\"og:image\" content=\"https:\/\/glamping-predeschenes.com\/wp-content\/uploads\/2021\/11\/20210914_202206-scaled.jpg\" \/>\n\t<meta property=\"og:image:width\" content=\"2560\" \/>\n\t<meta property=\"og:image:height\" content=\"1151\" \/>\n\t<meta property=\"og:image:type\" content=\"image\/jpeg\" \/>\n<meta name=\"twitter:card\" content=\"summary_large_image\" \/>\n<meta name=\"twitter:label1\" content=\"Est. reading time\" \/>\n\t<meta name=\"twitter:data1\" content=\"2 minutes\" \/>\n<script type=\"application\/ld+json\" class=\"yoast-schema-graph\">{\"@context\":\"https:\/\/schema.org\",\"@graph\":[{\"@type\":\"WebPage\",\"@id\":\"https:\/\/glamping-predeschenes.com\/en\/about-us\/\",\"url\":\"https:\/\/glamping-predeschenes.com\/en\/about-us\/\",\"name\":\"About Us - Le Pr\u00e9 Des Ch\u00eanes\",\"isPartOf\":{\"@id\":\"https:\/\/glamping-predeschenes.com\/#website\"},\"primaryImageOfPage\":{\"@id\":\"https:\/\/glamping-predeschenes.com\/en\/about-us\/#primaryimage\"},\"image\":{\"@id\":\"https:\/\/glamping-predeschenes.com\/en\/about-us\/#primaryimage\"},\"thumbnailUrl\":\"https:\/\/lepredeschenes.wpengine.com\/wp-content\/uploads\/2021\/11\/20210914_202206-scaled.jpg\",\"datePublished\":\"2020-09-15T06:48:29+00:00\",\"dateModified\":\"2025-01-21T14:48:59+00:00\",\"breadcrumb\":{\"@id\":\"https:\/\/glamping-predeschenes.com\/en\/about-us\/#breadcrumb\"},\"inLanguage\":\"en-US\",\"potentialAction\":[{\"@type\":\"ReadAction\",\"target\":[\"https:\/\/glamping-predeschenes.com\/en\/about-us\/\"]}]},{\"@type\":\"ImageObject\",\"inLanguage\":\"en-US\",\"@id\":\"https:\/\/glamping-predeschenes.com\/en\/about-us\/#primaryimage\",\"url\":\"https:\/\/lepredeschenes.wpengine.com\/wp-content\/uploads\/2021\/11\/20210914_202206-scaled.jpg\",\"contentUrl\":\"https:\/\/lepredeschenes.wpengine.com\/wp-content\/uploads\/2021\/11\/20210914_202206-scaled.jpg\"},{\"@type\":\"BreadcrumbList\",\"@id\":\"https:\/\/glamping-predeschenes.com\/en\/about-us\/#breadcrumb\",\"itemListElement\":[{\"@type\":\"ListItem\",\"position\":1,\"name\":\"Accueil\",\"item\":\"https:\/\/glamping-predeschenes.com\/en\/\"},{\"@type\":\"ListItem\",\"position\":2,\"name\":\"About Us\"}]},{\"@type\":\"WebSite\",\"@id\":\"https:\/\/glamping-predeschenes.com\/#website\",\"url\":\"https:\/\/glamping-predeschenes.com\/\",\"name\":\"Le Pr\u00e9 Des Ch\u00eanes - Glamping Camping \u00e0 Monpazier\",\"description\":\"Village Camping Glamping en Dordogne\",\"publisher\":{\"@id\":\"https:\/\/glamping-predeschenes.com\/#organization\"},\"alternateName\":\"Le Pr\u00e9 Des Ch\u00eanes - Glamping Camping en Dordogne\",\"potentialAction\":[{\"@type\":\"SearchAction\",\"target\":{\"@type\":\"EntryPoint\",\"urlTemplate\":\"https:\/\/glamping-predeschenes.com\/?s={search_term_string}\"},\"query-input\":{\"@type\":\"PropertyValueSpecification\",\"valueRequired\":true,\"valueName\":\"search_term_string\"}}],\"inLanguage\":\"en-US\"},{\"@type\":\"Organization\",\"@id\":\"https:\/\/glamping-predeschenes.com\/#organization\",\"name\":\"Le Pr\u00e9 Des Ch\u00eanes - Glamping Camping \u00e0 Monpazier\",\"url\":\"https:\/\/glamping-predeschenes.com\/\",\"logo\":{\"@type\":\"ImageObject\",\"inLanguage\":\"en-US\",\"@id\":\"https:\/\/glamping-predeschenes.com\/#\/schema\/logo\/image\/\",\"url\":\"https:\/\/glamping-predeschenes.com\/wp-content\/uploads\/2023\/06\/Capture-decran-2023-06-22-a-19.46.10.png\",\"contentUrl\":\"https:\/\/glamping-predeschenes.com\/wp-content\/uploads\/2023\/06\/Capture-decran-2023-06-22-a-19.46.10.png\",\"width\":488,\"height\":142,\"caption\":\"Le Pr\u00e9 Des Ch\u00eanes - Glamping Camping \u00e0 Monpazier\"},\"image\":{\"@id\":\"https:\/\/glamping-predeschenes.com\/#\/schema\/logo\/image\/\"},\"sameAs\":[\"https:\/\/www.facebook.com\/profile.php?id=100076605214924\"]}]}<\/script>\n<!-- \/ Yoast SEO plugin. -->","yoast_head_json":{"title":"About Us - Le Pr\u00e9 Des Ch\u00eanes","robots":{"index":"index","follow":"follow","max-snippet":"max-snippet:-1","max-image-preview":"max-image-preview:large","max-video-preview":"max-video-preview:-1"},"canonical":"https:\/\/glamping-predeschenes.com\/en\/about-us\/","og_locale":"en_US","og_type":"article","og_title":"About Us - Le Pr\u00e9 Des Ch\u00eanes","og_description":"Our Story Le Pr\u00e9 des Ch\u00eanes literaly Fiel of Oaks is a family venture, that started when we left our [&hellip;]","og_url":"https:\/\/glamping-predeschenes.com\/en\/about-us\/","og_site_name":"Le Pr\u00e9 Des Ch\u00eanes","article_publisher":"https:\/\/www.facebook.com\/profile.php?id=100076605214924","article_modified_time":"2025-01-21T14:48:59+00:00","og_image":[{"width":2560,"height":1151,"url":"https:\/\/glamping-predeschenes.com\/wp-content\/uploads\/2021\/11\/20210914_202206-scaled.jpg","type":"image\/jpeg"}],"twitter_card":"summary_large_image","twitter_misc":{"Est. reading time":"2 minutes"},"schema":{"@context":"https:\/\/schema.org","@graph":[{"@type":"WebPage","@id":"https:\/\/glamping-predeschenes.com\/en\/about-us\/","url":"https:\/\/glamping-predeschenes.com\/en\/about-us\/","name":"About Us - Le Pr\u00e9 Des Ch\u00eanes","isPartOf":{"@id":"https:\/\/glamping-predeschenes.com\/#website"},"primaryImageOfPage":{"@id":"https:\/\/glamping-predeschenes.com\/en\/about-us\/#primaryimage"},"image":{"@id":"https:\/\/glamping-predeschenes.com\/en\/about-us\/#primaryimage"},"thumbnailUrl":"https:\/\/lepredeschenes.wpengine.com\/wp-content\/uploads\/2021\/11\/20210914_202206-scaled.jpg","datePublished":"2020-09-15T06:48:29+00:00","dateModified":"2025-01-21T14:48:59+00:00","breadcrumb":{"@id":"https:\/\/glamping-predeschenes.com\/en\/about-us\/#breadcrumb"},"inLanguage":"en-US","potentialAction":[{"@type":"ReadAction","target":["https:\/\/glamping-predeschenes.com\/en\/about-us\/"]}]},{"@type":"ImageObject","inLanguage":"en-US","@id":"https:\/\/glamping-predeschenes.com\/en\/about-us\/#primaryimage","url":"https:\/\/lepredeschenes.wpengine.com\/wp-content\/uploads\/2021\/11\/20210914_202206-scaled.jpg","contentUrl":"https:\/\/lepredeschenes.wpengine.com\/wp-content\/uploads\/2021\/11\/20210914_202206-scaled.jpg"},{"@type":"BreadcrumbList","@id":"https:\/\/glamping-predeschenes.com\/en\/about-us\/#breadcrumb","itemListElement":[{"@type":"ListItem","position":1,"name":"Accueil","item":"https:\/\/glamping-predeschenes.com\/en\/"},{"@type":"ListItem","position":2,"name":"About Us"}]},{"@type":"WebSite","@id":"https:\/\/glamping-predeschenes.com\/#website","url":"https:\/\/glamping-predeschenes.com\/","name":"Le Pr\u00e9 Des Ch\u00eanes - Glamping Camping \u00e0 Monpazier","description":"Village Camping Glamping en Dordogne","publisher":{"@id":"https:\/\/glamping-predeschenes.com\/#organization"},"alternateName":"Le Pr\u00e9 Des Ch\u00eanes - Glamping Camping en Dordogne","potentialAction":[{"@type":"SearchAction","target":{"@type":"EntryPoint","urlTemplate":"https:\/\/glamping-predeschenes.com\/?s={search_term_string}"},"query-input":{"@type":"PropertyValueSpecification","valueRequired":true,"valueName":"search_term_string"}}],"inLanguage":"en-US"},{"@type":"Organization","@id":"https:\/\/glamping-predeschenes.com\/#organization","name":"Le Pr\u00e9 Des Ch\u00eanes - Glamping Camping \u00e0 Monpazier","url":"https:\/\/glamping-predeschenes.com\/","logo":{"@type":"ImageObject","inLanguage":"en-US","@id":"https:\/\/glamping-predeschenes.com\/#\/schema\/logo\/image\/","url":"https:\/\/glamping-predeschenes.com\/wp-content\/uploads\/2023\/06\/Capture-decran-2023-06-22-a-19.46.10.png","contentUrl":"https:\/\/glamping-predeschenes.com\/wp-content\/uploads\/2023\/06\/Capture-decran-2023-06-22-a-19.46.10.png","width":488,"height":142,"caption":"Le Pr\u00e9 Des Ch\u00eanes - Glamping Camping \u00e0 Monpazier"},"image":{"@id":"https:\/\/glamping-predeschenes.com\/#\/schema\/logo\/image\/"},"sameAs":["https:\/\/www.facebook.com\/profile.php?id=100076605214924"]}]}},"featured_image_src":null,"featured_image_src_square":null,"uagb_featured_image_src":{"full":false,"thumbnail":false,"medium":false,"medium_large":false,"large":false,"1536x1536":false,"2048x2048":false,"gb-block-post-grid-landscape":false,"gb-block-post-grid-square":false},"uagb_author_info":{"display_name":"simon","author_link":"https:\/\/glamping-predeschenes.com\/en\/author\/simon\/"},"uagb_comment_info":0,"uagb_excerpt":"Our Story Le Pr\u00e9 des Ch\u00eanes literaly Fiel of Oaks is a family venture, that started when we left our [&hellip;]","_links":{"self":[{"href":"https:\/\/glamping-predeschenes.com\/en\/wp-json\/wp\/v2\/pages\/3208","targetHints":{"allow":["GET"]}}],"collection":[{"href":"https:\/\/glamping-predeschenes.com\/en\/wp-json\/wp\/v2\/pages"}],"about":[{"href":"https:\/\/glamping-predeschenes.com\/en\/wp-json\/wp\/v2\/types\/page"}],"author":[{"embeddable":true,"href":"https:\/\/glamping-predeschenes.com\/en\/wp-json\/wp\/v2\/users\/2"}],"replies":[{"embeddable":true,"href":"https:\/\/glamping-predeschenes.com\/en\/wp-json\/wp\/v2\/comments?post=3208"}],"version-history":[{"count":0,"href":"https:\/\/glamping-predeschenes.com\/en\/wp-json\/wp\/v2\/pages\/3208\/revisions"}],"wp:attachment":[{"href":"https:\/\/glamping-predeschenes.com\/en\/wp-json\/wp\/v2\/media?parent=3208"}],"curies":[{"name":"wp","href":"https:\/\/api.w.org\/{rel}","templated":true}]}}