{"id":3209,"date":"2020-09-15T06:49:03","date_gmt":"2020-09-15T06:49:03","guid":{"rendered":"https:\/\/glamping-predeschenes.com\/contact-form\/"},"modified":"2023-12-28T16:41:37","modified_gmt":"2023-12-28T16:41:37","slug":"contact-form","status":"publish","type":"page","link":"https:\/\/glamping-predeschenes.com\/en\/contact-form\/","title":{"rendered":"Contact Form"},"content":{"rendered":"\n<div class=\"wp-block-cover alignfull is-light\" style=\"min-height:550px;aspect-ratio:unset;\"><span aria-hidden=\"true\" class=\"wp-block-cover__background has-background-dim\" style=\"background-color:#040219\"><\/span><img loading=\"lazy\" decoding=\"async\" width=\"2560\" height=\"1708\" class=\"wp-block-cover__image-background wp-image-402\" alt=\"\" src=\"https:\/\/lepredeschenes.wpengine.com\/wp-content\/uploads\/2021\/12\/camping-tent-scaled.jpg\" data-object-fit=\"cover\" srcset=\"https:\/\/glamping-predeschenes.com\/wp-content\/uploads\/2021\/12\/camping-tent-scaled.jpg 2560w, https:\/\/glamping-predeschenes.com\/wp-content\/uploads\/2021\/12\/camping-tent-300x200.jpg 300w, https:\/\/glamping-predeschenes.com\/wp-content\/uploads\/2021\/12\/camping-tent-1024x683.jpg 1024w, https:\/\/glamping-predeschenes.com\/wp-content\/uploads\/2021\/12\/camping-tent-768x512.jpg 768w, https:\/\/glamping-predeschenes.com\/wp-content\/uploads\/2021\/12\/camping-tent-1536x1025.jpg 1536w, https:\/\/glamping-predeschenes.com\/wp-content\/uploads\/2021\/12\/camping-tent-2048x1366.jpg 2048w, https:\/\/glamping-predeschenes.com\/wp-content\/uploads\/2021\/12\/camping-tent-600x400.jpg 600w\" sizes=\"auto, (max-width: 2560px) 100vw, 2560px\" \/><div class=\"wp-block-cover__inner-container is-layout-flow wp-block-cover-is-layout-flow\">\n<h1 class=\"wp-block-heading has-text-align-center has-white-color has-text-color\">Contact us for more information<\/h1>\n<\/div><\/div>\n\n<div class=\"wp-block-group alignfull has-white-background-color has-background is-layout-flow wp-block-group-is-layout-flow\"><div class=\"wp-block-group__inner-container\">\n<div class=\"wp-block-columns are-vertically-aligned-center is-layout-flex wp-container-core-columns-is-layout-28f84493 wp-block-columns-is-layout-flex\">\n<div class=\"wp-block-column is-vertically-aligned-center is-layout-flow wp-block-column-is-layout-flow\">\n<h2 class=\"wp-block-heading\">Type your message here<\/h2>\n\n\n<div class=\"wpforms-container wpforms-block wpforms-block-9ef464ad-2711-44f8-b941-878bd490d060\" id=\"wpforms-6\"><form id=\"wpforms-form-6\" class=\"wpforms-validate wpforms-form\" data-formid=\"6\" method=\"post\" enctype=\"multipart\/form-data\" action=\"\/en\/wp-json\/wp\/v2\/pages\/3209\" data-token=\"681c151c28317429b747a3483fdb9be6\" data-token-time=\"1777487555\"><noscript class=\"wpforms-error-noscript\">Please enable JavaScript in your browser to complete this form.<\/noscript><div class=\"wpforms-field-container\"><div id=\"wpforms-6-field_0-container\" class=\"wpforms-field wpforms-field-name\" data-field-id=\"0\"><label class=\"wpforms-field-label wpforms-label-hide\" for=\"wpforms-6-field_0\">Nom <span class=\"wpforms-required-label\">*<\/span><\/label><input type=\"text\" id=\"wpforms-6-field_0\" class=\"wpforms-field-large wpforms-field-required\" name=\"wpforms[fields][0]\" placeholder=\"Nom\" required><\/div><div id=\"wpforms-6-field_1-container\" class=\"wpforms-field wpforms-field-email\" data-field-id=\"1\"><label class=\"wpforms-field-label wpforms-label-hide\" for=\"wpforms-6-field_1\">Email <span class=\"wpforms-required-label\">*<\/span><\/label><input type=\"email\" id=\"wpforms-6-field_1\" class=\"wpforms-field-large wpforms-field-required\" name=\"wpforms[fields][1]\" placeholder=\"Email\" spellcheck=\"false\" required><\/div><div id=\"wpforms-6-field_2-container\" class=\"wpforms-field wpforms-field-textarea\" data-field-id=\"2\"><label class=\"wpforms-field-label wpforms-label-hide\" for=\"wpforms-6-field_2\">Message <span class=\"wpforms-required-label\">*<\/span><\/label><textarea id=\"wpforms-6-field_2\" class=\"wpforms-field-medium wpforms-field-required\" name=\"wpforms[fields][2]\" placeholder=\"Message\" required><\/textarea><\/div><\/div><!-- .wpforms-field-container --><div class=\"wpforms-field wpforms-field-hp\"><label for=\"wpforms-6-field-hp\" class=\"wpforms-field-label\">Website<\/label><input type=\"text\" name=\"wpforms[hp]\" id=\"wpforms-6-field-hp\" class=\"wpforms-field-medium\"><\/div><div class=\"wpforms-recaptcha-container wpforms-is-recaptcha wpforms-is-recaptcha-type-v3\" ><input type=\"hidden\" name=\"wpforms[recaptcha]\" value=\"\"><\/div><div class=\"wpforms-submit-container\" ><input type=\"hidden\" name=\"wpforms[id]\" value=\"6\"><input type=\"hidden\" name=\"page_title\" value=\"\"><input type=\"hidden\" name=\"page_url\" value=\"https:\/\/glamping-predeschenes.com\/en\/wp-json\/wp\/v2\/pages\/3209\"><input type=\"hidden\" name=\"url_referer\" value=\"\"><button type=\"submit\" name=\"wpforms[submit]\" id=\"wpforms-submit-6\" class=\"wpforms-submit\" data-alt-text=\"Envoi en cours...\" data-submit-text=\"Envoyer\" aria-live=\"assertive\" value=\"wpforms-submit\">Envoyer<\/button><\/div><\/form><\/div>  <!-- .wpforms-container --><\/div>\n\n\n\n<div class=\"wp-block-column is-vertically-aligned-center is-layout-flow wp-block-column-is-layout-flow\">\n<div class=\"wp-block-group is-layout-flow wp-block-group-is-layout-flow\"><div class=\"wp-block-group__inner-container\">\n<h2 class=\"wp-block-heading\">Contact Informations<\/h2>\n\n\n\n<p><strong>Adress<\/strong><br\/>Village Glamping Camping Le Pr\u00e9 des Ch\u00eanes, <br\/>181 impasse de la Courr\u00e8ge 24 540 Saint-Cassien<br\/>Dordogne \u2013 France<\/p>\n\n\n\n<p><strong>Email<\/strong><br\/><a href=\"mailto:lepredeschenes@gmail.com\">lepredeschenes@gmail.com<\/a><\/p>\n\n\n\n<p><strong>Phone Number<\/strong><br\/>+33 6 72 87 95 13<\/p>\n<\/div><\/div>\n<\/div>\n<\/div>\n<\/div><\/div>\n\n<p><\/p>\n","protected":false},"excerpt":{"rendered":"<p>Type your message here Contact Informations AdressVillage Glamping Camping Le Pr\u00e9 des Ch\u00eanes, 181 impasse de la Courr\u00e8ge 24 540 [&hellip;]<\/p>\n","protected":false},"author":2,"featured_media":0,"parent":0,"menu_order":0,"comment_status":"closed","ping_status":"closed","template":"","meta":{"_uag_custom_page_level_css":"","site-sidebar-layout":"no-sidebar","site-content-layout":"plain-container","ast-site-content-layout":"default","site-content-style":"default","site-sidebar-style":"default","ast-global-header-display":"","ast-banner-title-visibility":"","ast-main-header-display":"","ast-hfb-above-header-display":"","ast-hfb-below-header-display":"","ast-hfb-mobile-header-display":"","site-post-title":"disabled","ast-breadcrumbs-content":"","ast-featured-img":"","footer-sml-layout":"","ast-disable-related-posts":"","theme-transparent-header-meta":"enabled","adv-header-id-meta":"","stick-header-meta":"","header-above-stick-meta":"","header-main-stick-meta":"","header-below-stick-meta":"","astra-migrate-meta-layouts":"default","ast-page-background-enabled":"default","ast-page-background-meta":{"desktop":{"background-color":"","background-image":"","background-repeat":"repeat","background-position":"center center","background-size":"auto","background-attachment":"scroll","background-type":"","background-media":"","overlay-type":"","overlay-color":"","overlay-opacity":"","overlay-gradient":""},"tablet":{"background-color":"","background-image":"","background-repeat":"repeat","background-position":"center center","background-size":"auto","background-attachment":"scroll","background-type":"","background-media":"","overlay-type":"","overlay-color":"","overlay-opacity":"","overlay-gradient":""},"mobile":{"background-color":"","background-image":"","background-repeat":"repeat","background-position":"center center","background-size":"auto","background-attachment":"scroll","background-type":"","background-media":"","overlay-type":"","overlay-color":"","overlay-opacity":"","overlay-gradient":""}},"ast-content-background-meta":{"desktop":{"background-color":"var(--ast-global-color-5)","background-image":"","background-repeat":"repeat","background-position":"center center","background-size":"auto","background-attachment":"scroll","background-type":"","background-media":"","overlay-type":"","overlay-color":"","overlay-opacity":"","overlay-gradient":""},"tablet":{"background-color":"var(--ast-global-color-5)","background-image":"","background-repeat":"repeat","background-position":"center center","background-size":"auto","background-attachment":"scroll","background-type":"","background-media":"","overlay-type":"","overlay-color":"","overlay-opacity":"","overlay-gradient":""},"mobile":{"background-color":"var(--ast-global-color-5)","background-image":"","background-repeat":"repeat","background-position":"center center","background-size":"auto","background-attachment":"scroll","background-type":"","background-media":"","overlay-type":"","overlay-color":"","overlay-opacity":"","overlay-gradient":""}},"footnotes":""},"class_list":["post-3209","page","type-page","status-publish","hentry"],"yoast_head":"<!-- This site is optimized with the Yoast SEO plugin v26.9 - https:\/\/yoast.com\/product\/yoast-seo-wordpress\/ -->\n<title>Contact Form - Le Pr\u00e9 Des Ch\u00eanes<\/title>\n<meta name=\"robots\" content=\"index, follow, max-snippet:-1, max-image-preview:large, max-video-preview:-1\" \/>\n<link rel=\"canonical\" href=\"https:\/\/glamping-predeschenes.com\/en\/contact-form\/\" \/>\n<meta property=\"og:locale\" content=\"en_US\" \/>\n<meta property=\"og:type\" content=\"article\" \/>\n<meta property=\"og:title\" content=\"Contact Form - Le Pr\u00e9 Des Ch\u00eanes\" \/>\n<meta property=\"og:description\" content=\"Type your message here Contact Informations AdressVillage Glamping Camping Le Pr\u00e9 des Ch\u00eanes, 181 impasse de la Courr\u00e8ge 24 540 [&hellip;]\" \/>\n<meta property=\"og:url\" content=\"https:\/\/glamping-predeschenes.com\/en\/contact-form\/\" \/>\n<meta property=\"og:site_name\" content=\"Le Pr\u00e9 Des Ch\u00eanes\" \/>\n<meta property=\"article:publisher\" content=\"https:\/\/www.facebook.com\/profile.php?id=100076605214924\" \/>\n<meta property=\"article:modified_time\" content=\"2023-12-28T16:41:37+00:00\" \/>\n<meta property=\"og:image\" content=\"https:\/\/lepredeschenes.wpengine.com\/wp-content\/uploads\/2021\/12\/camping-tent-scaled.jpg\" \/>\n<meta name=\"twitter:card\" content=\"summary_large_image\" \/>\n<script type=\"application\/ld+json\" class=\"yoast-schema-graph\">{\"@context\":\"https:\/\/schema.org\",\"@graph\":[{\"@type\":\"WebPage\",\"@id\":\"https:\/\/glamping-predeschenes.com\/en\/contact-form\/\",\"url\":\"https:\/\/glamping-predeschenes.com\/en\/contact-form\/\",\"name\":\"Contact Form - Le Pr\u00e9 Des Ch\u00eanes\",\"isPartOf\":{\"@id\":\"https:\/\/glamping-predeschenes.com\/#website\"},\"primaryImageOfPage\":{\"@id\":\"https:\/\/glamping-predeschenes.com\/en\/contact-form\/#primaryimage\"},\"image\":{\"@id\":\"https:\/\/glamping-predeschenes.com\/en\/contact-form\/#primaryimage\"},\"thumbnailUrl\":\"https:\/\/lepredeschenes.wpengine.com\/wp-content\/uploads\/2021\/12\/camping-tent-scaled.jpg\",\"datePublished\":\"2020-09-15T06:49:03+00:00\",\"dateModified\":\"2023-12-28T16:41:37+00:00\",\"breadcrumb\":{\"@id\":\"https:\/\/glamping-predeschenes.com\/en\/contact-form\/#breadcrumb\"},\"inLanguage\":\"en-US\",\"potentialAction\":[{\"@type\":\"ReadAction\",\"target\":[\"https:\/\/glamping-predeschenes.com\/en\/contact-form\/\"]}]},{\"@type\":\"ImageObject\",\"inLanguage\":\"en-US\",\"@id\":\"https:\/\/glamping-predeschenes.com\/en\/contact-form\/#primaryimage\",\"url\":\"https:\/\/lepredeschenes.wpengine.com\/wp-content\/uploads\/2021\/12\/camping-tent-scaled.jpg\",\"contentUrl\":\"https:\/\/lepredeschenes.wpengine.com\/wp-content\/uploads\/2021\/12\/camping-tent-scaled.jpg\"},{\"@type\":\"BreadcrumbList\",\"@id\":\"https:\/\/glamping-predeschenes.com\/en\/contact-form\/#breadcrumb\",\"itemListElement\":[{\"@type\":\"ListItem\",\"position\":1,\"name\":\"Accueil\",\"item\":\"https:\/\/glamping-predeschenes.com\/en\/\"},{\"@type\":\"ListItem\",\"position\":2,\"name\":\"Contact Form\"}]},{\"@type\":\"WebSite\",\"@id\":\"https:\/\/glamping-predeschenes.com\/#website\",\"url\":\"https:\/\/glamping-predeschenes.com\/\",\"name\":\"Le Pr\u00e9 Des Ch\u00eanes - Glamping Camping \u00e0 Monpazier\",\"description\":\"Village Camping Glamping en Dordogne\",\"publisher\":{\"@id\":\"https:\/\/glamping-predeschenes.com\/#organization\"},\"alternateName\":\"Le Pr\u00e9 Des Ch\u00eanes - Glamping Camping en Dordogne\",\"potentialAction\":[{\"@type\":\"SearchAction\",\"target\":{\"@type\":\"EntryPoint\",\"urlTemplate\":\"https:\/\/glamping-predeschenes.com\/?s={search_term_string}\"},\"query-input\":{\"@type\":\"PropertyValueSpecification\",\"valueRequired\":true,\"valueName\":\"search_term_string\"}}],\"inLanguage\":\"en-US\"},{\"@type\":\"Organization\",\"@id\":\"https:\/\/glamping-predeschenes.com\/#organization\",\"name\":\"Le Pr\u00e9 Des Ch\u00eanes - Glamping Camping \u00e0 Monpazier\",\"url\":\"https:\/\/glamping-predeschenes.com\/\",\"logo\":{\"@type\":\"ImageObject\",\"inLanguage\":\"en-US\",\"@id\":\"https:\/\/glamping-predeschenes.com\/#\/schema\/logo\/image\/\",\"url\":\"https:\/\/glamping-predeschenes.com\/wp-content\/uploads\/2023\/06\/Capture-decran-2023-06-22-a-19.46.10.png\",\"contentUrl\":\"https:\/\/glamping-predeschenes.com\/wp-content\/uploads\/2023\/06\/Capture-decran-2023-06-22-a-19.46.10.png\",\"width\":488,\"height\":142,\"caption\":\"Le Pr\u00e9 Des Ch\u00eanes - Glamping Camping \u00e0 Monpazier\"},\"image\":{\"@id\":\"https:\/\/glamping-predeschenes.com\/#\/schema\/logo\/image\/\"},\"sameAs\":[\"https:\/\/www.facebook.com\/profile.php?id=100076605214924\"]}]}<\/script>\n<!-- \/ Yoast SEO plugin. -->","yoast_head_json":{"title":"Contact Form - Le Pr\u00e9 Des Ch\u00eanes","robots":{"index":"index","follow":"follow","max-snippet":"max-snippet:-1","max-image-preview":"max-image-preview:large","max-video-preview":"max-video-preview:-1"},"canonical":"https:\/\/glamping-predeschenes.com\/en\/contact-form\/","og_locale":"en_US","og_type":"article","og_title":"Contact Form - Le Pr\u00e9 Des Ch\u00eanes","og_description":"Type your message here Contact Informations AdressVillage Glamping Camping Le Pr\u00e9 des Ch\u00eanes, 181 impasse de la Courr\u00e8ge 24 540 [&hellip;]","og_url":"https:\/\/glamping-predeschenes.com\/en\/contact-form\/","og_site_name":"Le Pr\u00e9 Des Ch\u00eanes","article_publisher":"https:\/\/www.facebook.com\/profile.php?id=100076605214924","article_modified_time":"2023-12-28T16:41:37+00:00","og_image":[{"url":"https:\/\/lepredeschenes.wpengine.com\/wp-content\/uploads\/2021\/12\/camping-tent-scaled.jpg","type":"","width":"","height":""}],"twitter_card":"summary_large_image","schema":{"@context":"https:\/\/schema.org","@graph":[{"@type":"WebPage","@id":"https:\/\/glamping-predeschenes.com\/en\/contact-form\/","url":"https:\/\/glamping-predeschenes.com\/en\/contact-form\/","name":"Contact Form - Le Pr\u00e9 Des Ch\u00eanes","isPartOf":{"@id":"https:\/\/glamping-predeschenes.com\/#website"},"primaryImageOfPage":{"@id":"https:\/\/glamping-predeschenes.com\/en\/contact-form\/#primaryimage"},"image":{"@id":"https:\/\/glamping-predeschenes.com\/en\/contact-form\/#primaryimage"},"thumbnailUrl":"https:\/\/lepredeschenes.wpengine.com\/wp-content\/uploads\/2021\/12\/camping-tent-scaled.jpg","datePublished":"2020-09-15T06:49:03+00:00","dateModified":"2023-12-28T16:41:37+00:00","breadcrumb":{"@id":"https:\/\/glamping-predeschenes.com\/en\/contact-form\/#breadcrumb"},"inLanguage":"en-US","potentialAction":[{"@type":"ReadAction","target":["https:\/\/glamping-predeschenes.com\/en\/contact-form\/"]}]},{"@type":"ImageObject","inLanguage":"en-US","@id":"https:\/\/glamping-predeschenes.com\/en\/contact-form\/#primaryimage","url":"https:\/\/lepredeschenes.wpengine.com\/wp-content\/uploads\/2021\/12\/camping-tent-scaled.jpg","contentUrl":"https:\/\/lepredeschenes.wpengine.com\/wp-content\/uploads\/2021\/12\/camping-tent-scaled.jpg"},{"@type":"BreadcrumbList","@id":"https:\/\/glamping-predeschenes.com\/en\/contact-form\/#breadcrumb","itemListElement":[{"@type":"ListItem","position":1,"name":"Accueil","item":"https:\/\/glamping-predeschenes.com\/en\/"},{"@type":"ListItem","position":2,"name":"Contact Form"}]},{"@type":"WebSite","@id":"https:\/\/glamping-predeschenes.com\/#website","url":"https:\/\/glamping-predeschenes.com\/","name":"Le Pr\u00e9 Des Ch\u00eanes - Glamping Camping \u00e0 Monpazier","description":"Village Camping Glamping en Dordogne","publisher":{"@id":"https:\/\/glamping-predeschenes.com\/#organization"},"alternateName":"Le Pr\u00e9 Des Ch\u00eanes - Glamping Camping en Dordogne","potentialAction":[{"@type":"SearchAction","target":{"@type":"EntryPoint","urlTemplate":"https:\/\/glamping-predeschenes.com\/?s={search_term_string}"},"query-input":{"@type":"PropertyValueSpecification","valueRequired":true,"valueName":"search_term_string"}}],"inLanguage":"en-US"},{"@type":"Organization","@id":"https:\/\/glamping-predeschenes.com\/#organization","name":"Le Pr\u00e9 Des Ch\u00eanes - Glamping Camping \u00e0 Monpazier","url":"https:\/\/glamping-predeschenes.com\/","logo":{"@type":"ImageObject","inLanguage":"en-US","@id":"https:\/\/glamping-predeschenes.com\/#\/schema\/logo\/image\/","url":"https:\/\/glamping-predeschenes.com\/wp-content\/uploads\/2023\/06\/Capture-decran-2023-06-22-a-19.46.10.png","contentUrl":"https:\/\/glamping-predeschenes.com\/wp-content\/uploads\/2023\/06\/Capture-decran-2023-06-22-a-19.46.10.png","width":488,"height":142,"caption":"Le Pr\u00e9 Des Ch\u00eanes - Glamping Camping \u00e0 Monpazier"},"image":{"@id":"https:\/\/glamping-predeschenes.com\/#\/schema\/logo\/image\/"},"sameAs":["https:\/\/www.facebook.com\/profile.php?id=100076605214924"]}]}},"featured_image_src":null,"featured_image_src_square":null,"uagb_featured_image_src":{"full":false,"thumbnail":false,"medium":false,"medium_large":false,"large":false,"1536x1536":false,"2048x2048":false,"gb-block-post-grid-landscape":false,"gb-block-post-grid-square":false},"uagb_author_info":{"display_name":"simon","author_link":"https:\/\/glamping-predeschenes.com\/en\/author\/simon\/"},"uagb_comment_info":0,"uagb_excerpt":"Type your message here Contact Informations AdressVillage Glamping Camping Le Pr\u00e9 des Ch\u00eanes, 181 impasse de la Courr\u00e8ge 24 540 [&hellip;]","_links":{"self":[{"href":"https:\/\/glamping-predeschenes.com\/en\/wp-json\/wp\/v2\/pages\/3209","targetHints":{"allow":["GET"]}}],"collection":[{"href":"https:\/\/glamping-predeschenes.com\/en\/wp-json\/wp\/v2\/pages"}],"about":[{"href":"https:\/\/glamping-predeschenes.com\/en\/wp-json\/wp\/v2\/types\/page"}],"author":[{"embeddable":true,"href":"https:\/\/glamping-predeschenes.com\/en\/wp-json\/wp\/v2\/users\/2"}],"replies":[{"embeddable":true,"href":"https:\/\/glamping-predeschenes.com\/en\/wp-json\/wp\/v2\/comments?post=3209"}],"version-history":[{"count":0,"href":"https:\/\/glamping-predeschenes.com\/en\/wp-json\/wp\/v2\/pages\/3209\/revisions"}],"wp:attachment":[{"href":"https:\/\/glamping-predeschenes.com\/en\/wp-json\/wp\/v2\/media?parent=3209"}],"curies":[{"name":"wp","href":"https:\/\/api.w.org\/{rel}","templated":true}]}}