{"id":3579,"date":"2023-12-26T16:12:49","date_gmt":"2023-12-26T16:12:49","guid":{"rendered":"https:\/\/glamping-predeschenes.com\/discover-our-safaris-lodges\/"},"modified":"2023-12-27T10:02:02","modified_gmt":"2023-12-27T10:02:02","slug":"discover-our-safaris-lodges","status":"publish","type":"page","link":"https:\/\/glamping-predeschenes.com\/en\/discover-our-safaris-lodges\/","title":{"rendered":"Discover our Safaris Lodges"},"content":{"rendered":"\n<ctv-product data-product-id=\"111858\" data-full=\"true\"><\/ctv-product>\n","protected":false},"excerpt":{"rendered":"","protected":false},"author":3,"featured_media":0,"parent":0,"menu_order":0,"comment_status":"closed","ping_status":"closed","template":"","meta":{"_uag_custom_page_level_css":"","site-sidebar-layout":"default","site-content-layout":"","ast-site-content-layout":"default","site-content-style":"default","site-sidebar-style":"default","ast-global-header-display":"","ast-banner-title-visibility":"","ast-main-header-display":"","ast-hfb-above-header-display":"","ast-hfb-below-header-display":"","ast-hfb-mobile-header-display":"","site-post-title":"","ast-breadcrumbs-content":"","ast-featured-img":"","footer-sml-layout":"","ast-disable-related-posts":"","theme-transparent-header-meta":"","adv-header-id-meta":"","stick-header-meta":"","header-above-stick-meta":"","header-main-stick-meta":"","header-below-stick-meta":"","astra-migrate-meta-layouts":"default","ast-page-background-enabled":"default","ast-page-background-meta":{"desktop":{"background-color":"","background-image":"","background-repeat":"repeat","background-position":"center center","background-size":"auto","background-attachment":"scroll","background-type":"","background-media":"","overlay-type":"","overlay-color":"","overlay-opacity":"","overlay-gradient":""},"tablet":{"background-color":"","background-image":"","background-repeat":"repeat","background-position":"center center","background-size":"auto","background-attachment":"scroll","background-type":"","background-media":"","overlay-type":"","overlay-color":"","overlay-opacity":"","overlay-gradient":""},"mobile":{"background-color":"","background-image":"","background-repeat":"repeat","background-position":"center center","background-size":"auto","background-attachment":"scroll","background-type":"","background-media":"","overlay-type":"","overlay-color":"","overlay-opacity":"","overlay-gradient":""}},"ast-content-background-meta":{"desktop":{"background-color":"var(--ast-global-color-5)","background-image":"","background-repeat":"repeat","background-position":"center center","background-size":"auto","background-attachment":"scroll","background-type":"","background-media":"","overlay-type":"","overlay-color":"","overlay-opacity":"","overlay-gradient":""},"tablet":{"background-color":"var(--ast-global-color-5)","background-image":"","background-repeat":"repeat","background-position":"center center","background-size":"auto","background-attachment":"scroll","background-type":"","background-media":"","overlay-type":"","overlay-color":"","overlay-opacity":"","overlay-gradient":""},"mobile":{"background-color":"var(--ast-global-color-5)","background-image":"","background-repeat":"repeat","background-position":"center center","background-size":"auto","background-attachment":"scroll","background-type":"","background-media":"","overlay-type":"","overlay-color":"","overlay-opacity":"","overlay-gradient":""}},"footnotes":""},"class_list":["post-3579","page","type-page","status-publish","hentry"],"yoast_head":"<!-- This site is optimized with the Yoast SEO plugin v26.9 - https:\/\/yoast.com\/product\/yoast-seo-wordpress\/ -->\n<title>Discover our Safaris Lodges - Le Pr\u00e9 Des Ch\u00eanes<\/title>\n<meta name=\"robots\" content=\"index, follow, max-snippet:-1, max-image-preview:large, max-video-preview:-1\" \/>\n<link rel=\"canonical\" href=\"https:\/\/glamping-predeschenes.com\/en\/discover-our-safaris-lodges\/\" \/>\n<meta property=\"og:locale\" content=\"en_US\" \/>\n<meta property=\"og:type\" content=\"article\" \/>\n<meta property=\"og:title\" content=\"Discover our Safaris Lodges - Le Pr\u00e9 Des Ch\u00eanes\" \/>\n<meta property=\"og:url\" content=\"https:\/\/glamping-predeschenes.com\/en\/discover-our-safaris-lodges\/\" \/>\n<meta property=\"og:site_name\" content=\"Le Pr\u00e9 Des Ch\u00eanes\" \/>\n<meta property=\"article:publisher\" content=\"https:\/\/www.facebook.com\/profile.php?id=100076605214924\" \/>\n<meta property=\"article:modified_time\" content=\"2023-12-27T10:02:02+00:00\" \/>\n<meta property=\"og:image\" content=\"https:\/\/glamping-predeschenes.com\/wp-content\/uploads\/2023\/06\/Capture-decran-2023-06-22-a-19.48.05-1024x590.png\" \/>\n\t<meta property=\"og:image:width\" content=\"1024\" \/>\n\t<meta property=\"og:image:height\" content=\"590\" \/>\n\t<meta property=\"og:image:type\" content=\"image\/png\" \/>\n<meta name=\"twitter:card\" content=\"summary_large_image\" \/>\n<script type=\"application\/ld+json\" class=\"yoast-schema-graph\">{\"@context\":\"https:\/\/schema.org\",\"@graph\":[{\"@type\":\"WebPage\",\"@id\":\"https:\/\/glamping-predeschenes.com\/en\/discover-our-safaris-lodges\/\",\"url\":\"https:\/\/glamping-predeschenes.com\/en\/discover-our-safaris-lodges\/\",\"name\":\"Discover our Safaris Lodges - Le Pr\u00e9 Des Ch\u00eanes\",\"isPartOf\":{\"@id\":\"https:\/\/glamping-predeschenes.com\/#website\"},\"datePublished\":\"2023-12-26T16:12:49+00:00\",\"dateModified\":\"2023-12-27T10:02:02+00:00\",\"breadcrumb\":{\"@id\":\"https:\/\/glamping-predeschenes.com\/en\/discover-our-safaris-lodges\/#breadcrumb\"},\"inLanguage\":\"en-US\",\"potentialAction\":[{\"@type\":\"ReadAction\",\"target\":[\"https:\/\/glamping-predeschenes.com\/en\/discover-our-safaris-lodges\/\"]}]},{\"@type\":\"BreadcrumbList\",\"@id\":\"https:\/\/glamping-predeschenes.com\/en\/discover-our-safaris-lodges\/#breadcrumb\",\"itemListElement\":[{\"@type\":\"ListItem\",\"position\":1,\"name\":\"Accueil\",\"item\":\"https:\/\/glamping-predeschenes.com\/en\/\"},{\"@type\":\"ListItem\",\"position\":2,\"name\":\"Discover our Safaris Lodges\"}]},{\"@type\":\"WebSite\",\"@id\":\"https:\/\/glamping-predeschenes.com\/#website\",\"url\":\"https:\/\/glamping-predeschenes.com\/\",\"name\":\"Le Pr\u00e9 Des Ch\u00eanes - Glamping Camping \u00e0 Monpazier\",\"description\":\"Village Camping Glamping en Dordogne\",\"publisher\":{\"@id\":\"https:\/\/glamping-predeschenes.com\/#organization\"},\"alternateName\":\"Le Pr\u00e9 Des Ch\u00eanes - Glamping Camping en Dordogne\",\"potentialAction\":[{\"@type\":\"SearchAction\",\"target\":{\"@type\":\"EntryPoint\",\"urlTemplate\":\"https:\/\/glamping-predeschenes.com\/?s={search_term_string}\"},\"query-input\":{\"@type\":\"PropertyValueSpecification\",\"valueRequired\":true,\"valueName\":\"search_term_string\"}}],\"inLanguage\":\"en-US\"},{\"@type\":\"Organization\",\"@id\":\"https:\/\/glamping-predeschenes.com\/#organization\",\"name\":\"Le Pr\u00e9 Des Ch\u00eanes - Glamping Camping \u00e0 Monpazier\",\"url\":\"https:\/\/glamping-predeschenes.com\/\",\"logo\":{\"@type\":\"ImageObject\",\"inLanguage\":\"en-US\",\"@id\":\"https:\/\/glamping-predeschenes.com\/#\/schema\/logo\/image\/\",\"url\":\"https:\/\/glamping-predeschenes.com\/wp-content\/uploads\/2023\/06\/Capture-decran-2023-06-22-a-19.46.10.png\",\"contentUrl\":\"https:\/\/glamping-predeschenes.com\/wp-content\/uploads\/2023\/06\/Capture-decran-2023-06-22-a-19.46.10.png\",\"width\":488,\"height\":142,\"caption\":\"Le Pr\u00e9 Des Ch\u00eanes - Glamping Camping \u00e0 Monpazier\"},\"image\":{\"@id\":\"https:\/\/glamping-predeschenes.com\/#\/schema\/logo\/image\/\"},\"sameAs\":[\"https:\/\/www.facebook.com\/profile.php?id=100076605214924\"]}]}<\/script>\n<!-- \/ Yoast SEO plugin. -->","yoast_head_json":{"title":"Discover our Safaris Lodges - Le Pr\u00e9 Des Ch\u00eanes","robots":{"index":"index","follow":"follow","max-snippet":"max-snippet:-1","max-image-preview":"max-image-preview:large","max-video-preview":"max-video-preview:-1"},"canonical":"https:\/\/glamping-predeschenes.com\/en\/discover-our-safaris-lodges\/","og_locale":"en_US","og_type":"article","og_title":"Discover our Safaris Lodges - Le Pr\u00e9 Des Ch\u00eanes","og_url":"https:\/\/glamping-predeschenes.com\/en\/discover-our-safaris-lodges\/","og_site_name":"Le Pr\u00e9 Des Ch\u00eanes","article_publisher":"https:\/\/www.facebook.com\/profile.php?id=100076605214924","article_modified_time":"2023-12-27T10:02:02+00:00","og_image":[{"width":1024,"height":590,"url":"https:\/\/glamping-predeschenes.com\/wp-content\/uploads\/2023\/06\/Capture-decran-2023-06-22-a-19.48.05-1024x590.png","type":"image\/png"}],"twitter_card":"summary_large_image","schema":{"@context":"https:\/\/schema.org","@graph":[{"@type":"WebPage","@id":"https:\/\/glamping-predeschenes.com\/en\/discover-our-safaris-lodges\/","url":"https:\/\/glamping-predeschenes.com\/en\/discover-our-safaris-lodges\/","name":"Discover our Safaris Lodges - Le Pr\u00e9 Des Ch\u00eanes","isPartOf":{"@id":"https:\/\/glamping-predeschenes.com\/#website"},"datePublished":"2023-12-26T16:12:49+00:00","dateModified":"2023-12-27T10:02:02+00:00","breadcrumb":{"@id":"https:\/\/glamping-predeschenes.com\/en\/discover-our-safaris-lodges\/#breadcrumb"},"inLanguage":"en-US","potentialAction":[{"@type":"ReadAction","target":["https:\/\/glamping-predeschenes.com\/en\/discover-our-safaris-lodges\/"]}]},{"@type":"BreadcrumbList","@id":"https:\/\/glamping-predeschenes.com\/en\/discover-our-safaris-lodges\/#breadcrumb","itemListElement":[{"@type":"ListItem","position":1,"name":"Accueil","item":"https:\/\/glamping-predeschenes.com\/en\/"},{"@type":"ListItem","position":2,"name":"Discover our Safaris Lodges"}]},{"@type":"WebSite","@id":"https:\/\/glamping-predeschenes.com\/#website","url":"https:\/\/glamping-predeschenes.com\/","name":"Le Pr\u00e9 Des Ch\u00eanes - Glamping Camping \u00e0 Monpazier","description":"Village Camping Glamping en Dordogne","publisher":{"@id":"https:\/\/glamping-predeschenes.com\/#organization"},"alternateName":"Le Pr\u00e9 Des Ch\u00eanes - Glamping Camping en Dordogne","potentialAction":[{"@type":"SearchAction","target":{"@type":"EntryPoint","urlTemplate":"https:\/\/glamping-predeschenes.com\/?s={search_term_string}"},"query-input":{"@type":"PropertyValueSpecification","valueRequired":true,"valueName":"search_term_string"}}],"inLanguage":"en-US"},{"@type":"Organization","@id":"https:\/\/glamping-predeschenes.com\/#organization","name":"Le Pr\u00e9 Des Ch\u00eanes - Glamping Camping \u00e0 Monpazier","url":"https:\/\/glamping-predeschenes.com\/","logo":{"@type":"ImageObject","inLanguage":"en-US","@id":"https:\/\/glamping-predeschenes.com\/#\/schema\/logo\/image\/","url":"https:\/\/glamping-predeschenes.com\/wp-content\/uploads\/2023\/06\/Capture-decran-2023-06-22-a-19.46.10.png","contentUrl":"https:\/\/glamping-predeschenes.com\/wp-content\/uploads\/2023\/06\/Capture-decran-2023-06-22-a-19.46.10.png","width":488,"height":142,"caption":"Le Pr\u00e9 Des Ch\u00eanes - Glamping Camping \u00e0 Monpazier"},"image":{"@id":"https:\/\/glamping-predeschenes.com\/#\/schema\/logo\/image\/"},"sameAs":["https:\/\/www.facebook.com\/profile.php?id=100076605214924"]}]}},"featured_image_src":null,"featured_image_src_square":null,"uagb_featured_image_src":{"full":false,"thumbnail":false,"medium":false,"medium_large":false,"large":false,"1536x1536":false,"2048x2048":false,"gb-block-post-grid-landscape":false,"gb-block-post-grid-square":false},"uagb_author_info":{"display_name":"caroline","author_link":"https:\/\/glamping-predeschenes.com\/en\/author\/caroline\/"},"uagb_comment_info":0,"uagb_excerpt":null,"_links":{"self":[{"href":"https:\/\/glamping-predeschenes.com\/en\/wp-json\/wp\/v2\/pages\/3579","targetHints":{"allow":["GET"]}}],"collection":[{"href":"https:\/\/glamping-predeschenes.com\/en\/wp-json\/wp\/v2\/pages"}],"about":[{"href":"https:\/\/glamping-predeschenes.com\/en\/wp-json\/wp\/v2\/types\/page"}],"author":[{"embeddable":true,"href":"https:\/\/glamping-predeschenes.com\/en\/wp-json\/wp\/v2\/users\/3"}],"replies":[{"embeddable":true,"href":"https:\/\/glamping-predeschenes.com\/en\/wp-json\/wp\/v2\/comments?post=3579"}],"version-history":[{"count":0,"href":"https:\/\/glamping-predeschenes.com\/en\/wp-json\/wp\/v2\/pages\/3579\/revisions"}],"wp:attachment":[{"href":"https:\/\/glamping-predeschenes.com\/en\/wp-json\/wp\/v2\/media?parent=3579"}],"curies":[{"name":"wp","href":"https:\/\/api.w.org\/{rel}","templated":true}]}}